{"id":6,"date":"2018-11-04T16:10:01","date_gmt":"2018-11-04T16:10:01","guid":{"rendered":"http:\/\/www.vystupnakilimandzaro.cz\/?page_id=6"},"modified":"2026-03-01T17:26:44","modified_gmt":"2026-03-01T17:26:44","slug":"s-kym","status":"publish","type":"page","link":"https:\/\/www.vystupnakilimandzaro.cz\/index.php\/s-kym\/","title":{"rendered":"S k\u00fdm?"},"content":{"rendered":"\n<p>Pro v\u00fdstup na Kilimand\u017e\u00e1ro m\u00e1te dv\u011b mo\u017enosti. Vlastn\u011b te\u010f u\u017e t\u0159i \ud83d\ude42<\/p>\n\n\n\n<p>1\/ Obr\u00e1tit se na \u010deskou cestovku, kter\u00e1 m\u00e1 sv\u00e9ho m\u00edstn\u00edho partnera, a zaplatit jim ob\u011bma za servis, kter\u00fd v\u00e1m poskytnou. V\u00fdhoda pro lidi co cht\u011bj\u00ed komunikovat v \u010de\u0161tin\u011b, cht\u011bj\u00ed minimalizovat riziko probl\u00e9m\u016f a nevad\u00ed jim zaplatit za to v\u00edce pen\u011bz. V\u011bt\u0161inou se jedn\u00e1 o\u00a0 p\u0159edem dan\u00fd program v p\u0159edem dan\u00e9m term\u00ednu, kter\u00fd v\u00e1m ale nemus\u00ed pln\u011b vyhovovat.<\/p>\n\n\n\n<p>2\/ Nav\u00e1zat kontakt s n\u011bjakou m\u00edstn\u00ed cestovkou, kter\u00e9 v\u011bt\u0161inou s\u00eddl\u00ed v Moshi nebo Arushi. Je t\u0159eba b\u00fdt ale opatrn\u00fd p\u0159i v\u00fdb\u011bru. R\u016fzn\u00e9 m\u00edstn\u00ed cestovky nab\u00edz\u00ed r\u016fzn\u00e9 slu\u017eby za r\u016fzn\u00e9 ceny a n\u011bkter\u00e9 mohou p\u0159in\u00e9st zklam\u00e1n\u00ed. Nen\u00ed jednoduch\u00e9 a zabere hodn\u011b \u010dasu na d\u00e1lku vybrat tu spr\u00e1vnou. Komunikace v angli\u010dtin\u011b je podm\u00ednkou.<\/p>\n\n\n\n<p>3\/ Vyu\u017e\u00edt na\u0161e zku\u0161enosti. V na\u0161em v\u00fdb\u011brov\u00e9m \u0159\u00edzen\u00ed vyhr\u00e1la zku\u0161en\u00e1 st\u0159edn\u011b velk\u00e1 tanzansk\u00e1 cestovka se spoustou pozitivn\u00edch recenz\u00ed na Trip Advisoru, kter\u00e1 u\u017e mnoho let krom\u011b <a href=\"http:\/\/www.kilimandzaro-safari.cz\/index.php\/vyberte-dovolenou\/vystup-na-kilimandzaro\/\" target=\"_blank\" rel=\"noopener noreferrer\">v\u00fdstupu na Kilimand\u017e\u00e1ro<\/a> a <a href=\"http:\/\/www.kilimandzaro-safari.cz\/index.php\/vyberte-dovolenou\/vystup-na-mount-meru\/\" target=\"_blank\" rel=\"noopener noreferrer\">Mount Meru<\/a> organizuje tak\u00e9 <a href=\"http:\/\/www.kilimandzaro-safari.cz\/index.php\/vyberte-dovolenou\/safari-nejen-v-serengeti\/\" target=\"_blank\" rel=\"noopener noreferrer\">safari do Serengeti, Ngorongoro<\/a> a dal\u0161\u00edch park\u016f a <a href=\"http:\/\/www.kilimandzaro-safari.cz\/index.php\/vyberte-dovolenou\/dovolena-na-zanzibaru\/\" target=\"_blank\" rel=\"noopener noreferrer\">pobyty na Zanzibaru<\/a>&nbsp;a na <a href=\"http:\/\/www.kilimandzaro-safari.cz\/index.php\/vyberte-dovolenou\/ostrov-pemba\/\" target=\"_blank\" rel=\"noopener noreferrer\">ostrov\u011b Pemba<\/a>. Cenov\u00e1 nab\u00eddka, kterou jsme dostali pro na\u0161i skupinu \u010dty\u0159ech lid\u00ed, byla velmi v\u00fdhodn\u00e1. Term\u00edn a program n\u00e1m p\u0159izp\u016fsobili na m\u00edru. N\u00e1\u0161 v\u00fdstup prob\u011bhl bez jak\u00fdchkoliv probl\u00e9m\u016f, dok\u00e1zali tak\u00e9 rychle a bez nav\u00fd\u0161en\u00ed ceny reagovat na zm\u011bny na na\u0161\u00ed stran\u011b (\u010d\u00e1st na\u0161\u00ed v\u00fdpravy p\u0159ilet\u011bla pozd\u011bji, ne\u017e bylo pl\u00e1nov\u00e1no a proto muselo doj\u00edt ke zm\u011bn\u011b p\u016fvodn\u011b pl\u00e1novan\u00e9ho harmonogramu v\u00fdstupu). Dnes u\u017e maj\u00ed i \u010desk\u00e9 spolupracovn\u00edky, tak\u017ee v p\u0159\u00edpad\u011b z\u00e1jmu m\u016f\u017eete o nich naj\u00edt v\u00edce informac\u00ed v \u010de\u0161tin\u011b na <a href=\"http:\/\/www.kilimandzaro-safari.cz\" target=\"_blank\" rel=\"noopener noreferrer\">www.kilimandzaro-safari.cz<\/a>. Tak\u00e9 m\u016f\u017eete poslat email s dotazy v \u010de\u0161tin\u011b na <a href=\"mailto:info@kilimandzaro-safari.cz\" target=\"_blank\" rel=\"noopener noreferrer\">info@kilimandzaro-safari.cz<\/a>. V p\u0159\u00edpad\u011b pot\u0159eby jsme i my ochotni poradit a pomoci s komunikac\u00ed.<\/p>\n","protected":false},"excerpt":{"rendered":"<p>Pro v\u00fdstup na Kilimand\u017e\u00e1ro m\u00e1te dv\u011b mo\u017enosti. Vlastn\u011b te\u010f u\u017e t\u0159i \ud83d\ude42 1\/ Obr\u00e1tit se na \u010deskou cestovku, kter\u00e1 m\u00e1 sv\u00e9ho m\u00edstn\u00edho partnera, a zaplatit jim ob\u011bma za servis, kter\u00fd v\u00e1m poskytnou. V\u00fdhoda pro lidi co cht\u011bj\u00ed komunikovat v \u010de\u0161tin\u011b, cht\u011bj\u00ed minimalizovat riziko probl\u00e9m\u016f a nevad\u00ed jim zaplatit za to v\u00edce pen\u011bz. V\u011bt\u0161inou se jedn\u00e1 &hellip; <\/p>\n<p class=\"link-more\"><a href=\"https:\/\/www.vystupnakilimandzaro.cz\/index.php\/s-kym\/\" class=\"more-link\">Pokra\u010dovat ve \u010dten\u00ed<span class=\"screen-reader-text\"> &#8222;S k\u00fdm?&#8220;<\/span><\/a><\/p>\n","protected":false},"author":1,"featured_media":0,"parent":0,"menu_order":0,"comment_status":"closed","ping_status":"closed","template":"","meta":{"_monsterinsights_skip_tracking":false,"_monsterinsights_sitenote_active":false,"_monsterinsights_sitenote_note":"","_monsterinsights_sitenote_category":0,"footnotes":""},"class_list":["post-6","page","type-page","status-publish","hentry"],"yoast_head":"<!-- This site is optimized with the Yoast SEO plugin v27.4 - https:\/\/yoast.com\/product\/yoast-seo-wordpress\/ -->\n<title>S k\u00fdm? - V\u00fdstup na Kilimand\u017e\u00e1ro<\/title>\n<meta name=\"robots\" content=\"index, follow, max-snippet:-1, max-image-preview:large, max-video-preview:-1\" \/>\n<link rel=\"canonical\" href=\"https:\/\/www.vystupnakilimandzaro.cz\/index.php\/s-kym\/\" \/>\n<meta property=\"og:locale\" content=\"cs_CZ\" \/>\n<meta property=\"og:type\" content=\"article\" \/>\n<meta property=\"og:title\" content=\"S k\u00fdm? - V\u00fdstup na Kilimand\u017e\u00e1ro\" \/>\n<meta property=\"og:description\" content=\"Pro v\u00fdstup na Kilimand\u017e\u00e1ro m\u00e1te dv\u011b mo\u017enosti. Vlastn\u011b te\u010f u\u017e t\u0159i \ud83d\ude42 1\/ Obr\u00e1tit se na \u010deskou cestovku, kter\u00e1 m\u00e1 sv\u00e9ho m\u00edstn\u00edho partnera, a zaplatit jim ob\u011bma za servis, kter\u00fd v\u00e1m poskytnou. V\u00fdhoda pro lidi co cht\u011bj\u00ed komunikovat v \u010de\u0161tin\u011b, cht\u011bj\u00ed minimalizovat riziko probl\u00e9m\u016f a nevad\u00ed jim zaplatit za to v\u00edce pen\u011bz. V\u011bt\u0161inou se jedn\u00e1 &hellip; Pokra\u010dovat ve \u010dten\u00ed &quot;S k\u00fdm?&quot;\" \/>\n<meta property=\"og:url\" content=\"https:\/\/www.vystupnakilimandzaro.cz\/index.php\/s-kym\/\" \/>\n<meta property=\"og:site_name\" content=\"V\u00fdstup na Kilimand\u017e\u00e1ro\" \/>\n<meta property=\"article:modified_time\" content=\"2026-03-01T17:26:44+00:00\" \/>\n<meta name=\"twitter:card\" content=\"summary_large_image\" \/>\n<meta name=\"twitter:label1\" content=\"Odhadovan\u00e1 doba \u010dten\u00ed\" \/>\n\t<meta name=\"twitter:data1\" content=\"2 minuty\" \/>\n<script type=\"application\/ld+json\" class=\"yoast-schema-graph\">{\"@context\":\"https:\\\/\\\/schema.org\",\"@graph\":[{\"@type\":\"WebPage\",\"@id\":\"https:\\\/\\\/www.vystupnakilimandzaro.cz\\\/index.php\\\/s-kym\\\/\",\"url\":\"https:\\\/\\\/www.vystupnakilimandzaro.cz\\\/index.php\\\/s-kym\\\/\",\"name\":\"S k\u00fdm? - V\u00fdstup na Kilimand\u017e\u00e1ro\",\"isPartOf\":{\"@id\":\"https:\\\/\\\/www.vystupnakilimandzaro.cz\\\/#website\"},\"datePublished\":\"2018-11-04T16:10:01+00:00\",\"dateModified\":\"2026-03-01T17:26:44+00:00\",\"breadcrumb\":{\"@id\":\"https:\\\/\\\/www.vystupnakilimandzaro.cz\\\/index.php\\\/s-kym\\\/#breadcrumb\"},\"inLanguage\":\"cs\",\"potentialAction\":[{\"@type\":\"ReadAction\",\"target\":[\"https:\\\/\\\/www.vystupnakilimandzaro.cz\\\/index.php\\\/s-kym\\\/\"]}]},{\"@type\":\"BreadcrumbList\",\"@id\":\"https:\\\/\\\/www.vystupnakilimandzaro.cz\\\/index.php\\\/s-kym\\\/#breadcrumb\",\"itemListElement\":[{\"@type\":\"ListItem\",\"position\":1,\"name\":\"Dom\u016f\",\"item\":\"https:\\\/\\\/www.vystupnakilimandzaro.cz\\\/\"},{\"@type\":\"ListItem\",\"position\":2,\"name\":\"S k\u00fdm?\"}]},{\"@type\":\"WebSite\",\"@id\":\"https:\\\/\\\/www.vystupnakilimandzaro.cz\\\/#website\",\"url\":\"https:\\\/\\\/www.vystupnakilimandzaro.cz\\\/\",\"name\":\"V\u00fdstup na Kilimand\u017e\u00e1ro\",\"description\":\"V\u0161e, co jste cht\u011bli v\u011bd\u011bt o v\u00fdstupu na Kilimand\u017e\u00e1ro.\",\"potentialAction\":[{\"@type\":\"SearchAction\",\"target\":{\"@type\":\"EntryPoint\",\"urlTemplate\":\"https:\\\/\\\/www.vystupnakilimandzaro.cz\\\/?s={search_term_string}\"},\"query-input\":{\"@type\":\"PropertyValueSpecification\",\"valueRequired\":true,\"valueName\":\"search_term_string\"}}],\"inLanguage\":\"cs\"}]}<\/script>\n<!-- \/ Yoast SEO plugin. -->","yoast_head_json":{"title":"S k\u00fdm? - V\u00fdstup na Kilimand\u017e\u00e1ro","robots":{"index":"index","follow":"follow","max-snippet":"max-snippet:-1","max-image-preview":"max-image-preview:large","max-video-preview":"max-video-preview:-1"},"canonical":"https:\/\/www.vystupnakilimandzaro.cz\/index.php\/s-kym\/","og_locale":"cs_CZ","og_type":"article","og_title":"S k\u00fdm? - V\u00fdstup na Kilimand\u017e\u00e1ro","og_description":"Pro v\u00fdstup na Kilimand\u017e\u00e1ro m\u00e1te dv\u011b mo\u017enosti. Vlastn\u011b te\u010f u\u017e t\u0159i \ud83d\ude42 1\/ Obr\u00e1tit se na \u010deskou cestovku, kter\u00e1 m\u00e1 sv\u00e9ho m\u00edstn\u00edho partnera, a zaplatit jim ob\u011bma za servis, kter\u00fd v\u00e1m poskytnou. V\u00fdhoda pro lidi co cht\u011bj\u00ed komunikovat v \u010de\u0161tin\u011b, cht\u011bj\u00ed minimalizovat riziko probl\u00e9m\u016f a nevad\u00ed jim zaplatit za to v\u00edce pen\u011bz. V\u011bt\u0161inou se jedn\u00e1 &hellip; Pokra\u010dovat ve \u010dten\u00ed \"S k\u00fdm?\"","og_url":"https:\/\/www.vystupnakilimandzaro.cz\/index.php\/s-kym\/","og_site_name":"V\u00fdstup na Kilimand\u017e\u00e1ro","article_modified_time":"2026-03-01T17:26:44+00:00","twitter_card":"summary_large_image","twitter_misc":{"Odhadovan\u00e1 doba \u010dten\u00ed":"2 minuty"},"schema":{"@context":"https:\/\/schema.org","@graph":[{"@type":"WebPage","@id":"https:\/\/www.vystupnakilimandzaro.cz\/index.php\/s-kym\/","url":"https:\/\/www.vystupnakilimandzaro.cz\/index.php\/s-kym\/","name":"S k\u00fdm? - V\u00fdstup na Kilimand\u017e\u00e1ro","isPartOf":{"@id":"https:\/\/www.vystupnakilimandzaro.cz\/#website"},"datePublished":"2018-11-04T16:10:01+00:00","dateModified":"2026-03-01T17:26:44+00:00","breadcrumb":{"@id":"https:\/\/www.vystupnakilimandzaro.cz\/index.php\/s-kym\/#breadcrumb"},"inLanguage":"cs","potentialAction":[{"@type":"ReadAction","target":["https:\/\/www.vystupnakilimandzaro.cz\/index.php\/s-kym\/"]}]},{"@type":"BreadcrumbList","@id":"https:\/\/www.vystupnakilimandzaro.cz\/index.php\/s-kym\/#breadcrumb","itemListElement":[{"@type":"ListItem","position":1,"name":"Dom\u016f","item":"https:\/\/www.vystupnakilimandzaro.cz\/"},{"@type":"ListItem","position":2,"name":"S k\u00fdm?"}]},{"@type":"WebSite","@id":"https:\/\/www.vystupnakilimandzaro.cz\/#website","url":"https:\/\/www.vystupnakilimandzaro.cz\/","name":"V\u00fdstup na Kilimand\u017e\u00e1ro","description":"V\u0161e, co jste cht\u011bli v\u011bd\u011bt o v\u00fdstupu na Kilimand\u017e\u00e1ro.","potentialAction":[{"@type":"SearchAction","target":{"@type":"EntryPoint","urlTemplate":"https:\/\/www.vystupnakilimandzaro.cz\/?s={search_term_string}"},"query-input":{"@type":"PropertyValueSpecification","valueRequired":true,"valueName":"search_term_string"}}],"inLanguage":"cs"}]}},"jetpack_sharing_enabled":true,"jetpack_shortlink":"https:\/\/wp.me\/Paqe9Q-6","jetpack-related-posts":[{"id":4,"url":"https:\/\/www.vystupnakilimandzaro.cz\/index.php\/za-kolik\/","url_meta":{"origin":6,"position":0},"title":"Za kolik?","author":"vystupnaki","date":"4 listopadu, 2018","format":false,"excerpt":"Cena za v\u00fdstup na Kilimand\u017e\u00e1ro Jedna z prvn\u00edch ot\u00e1zek, kterou jsme si i my polo\u017eili, byla pochopiteln\u011b: \"Kolik stoj\u00ed v\u00fdstup na Kilimand\u017e\u00e1ro\"? Obecn\u011b je t\u0159eba \u0159\u00edct, \u017ee to nen\u00ed \u00fapln\u011b levn\u00e1 z\u00e1le\u017eitost. Jedn\u00e1 se o jednu z hlavn\u00edch atrakc\u00ed Tanzanie a cel\u00e9 Afriky, a tomu odpov\u00edd\u00e1 cena za vstup do\u2026","rel":"","context":"Podobn\u00fd p\u0159\u00edsp\u011bvek","block_context":{"text":"Podobn\u00fd p\u0159\u00edsp\u011bvek","link":""},"img":{"alt_text":"","src":"https:\/\/i0.wp.com\/www.vystupnakilimandzaro.cz\/wp-content\/uploads\/2020\/07\/Beer-kilimanjaro.jpg?resize=350%2C200&ssl=1","width":350,"height":200,"srcset":"https:\/\/i0.wp.com\/www.vystupnakilimandzaro.cz\/wp-content\/uploads\/2020\/07\/Beer-kilimanjaro.jpg?resize=350%2C200&ssl=1 1x, https:\/\/i0.wp.com\/www.vystupnakilimandzaro.cz\/wp-content\/uploads\/2020\/07\/Beer-kilimanjaro.jpg?resize=525%2C300&ssl=1 1.5x"},"classes":[]},{"id":8,"url":"https:\/\/www.vystupnakilimandzaro.cz\/index.php\/kdy-vyrazit\/","url_meta":{"origin":6,"position":1},"title":"Kdy vyrazit?","author":"vystupnaki","date":"4 listopadu, 2018","format":false,"excerpt":"Kdy je nejlep\u0161\u00ed podniknout v\u00fdstup na Kilimand\u017e\u00e1ro Kdy se vydat do Tanz\u00e1nie a pokusit se o v\u00fdstup na Kilimand\u017e\u00e1ro je jedna z nejd\u016fle\u017eit\u011bj\u0161\u00edch ot\u00e1zek p\u0159i pl\u00e1nov\u00e1n\u00ed va\u0161\u00ed dovolen\u00e9. Vzhledem k bl\u00edzkosti rovn\u00edku nejsou velk\u00e9 rozd\u00edly mezi letn\u00edmi a zimn\u00edmi teplotami na Kilimand\u017e\u00e1ru. Nap\u0159\u00edklad v nadmo\u0159sk\u00e9 v\u00fd\u0161ce kolem 5 000 metr\u016f\u2026","rel":"","context":"Podobn\u00fd p\u0159\u00edsp\u011bvek","block_context":{"text":"Podobn\u00fd p\u0159\u00edsp\u011bvek","link":""},"img":{"alt_text":"","src":"https:\/\/i0.wp.com\/www.vystupnakilimandzaro.cz\/wp-content\/uploads\/2020\/07\/Turiste-Kili.jpg?resize=350%2C200&ssl=1","width":350,"height":200,"srcset":"https:\/\/i0.wp.com\/www.vystupnakilimandzaro.cz\/wp-content\/uploads\/2020\/07\/Turiste-Kili.jpg?resize=350%2C200&ssl=1 1x, https:\/\/i0.wp.com\/www.vystupnakilimandzaro.cz\/wp-content\/uploads\/2020\/07\/Turiste-Kili.jpg?resize=525%2C300&ssl=1 1.5x"},"classes":[]},{"id":17,"url":"https:\/\/www.vystupnakilimandzaro.cz\/index.php\/kterou-trasou\/","url_meta":{"origin":6,"position":2},"title":"Kterou trasou?","author":"vystupnaki","date":"4 listopadu, 2018","format":false,"excerpt":"P\u0159ehled v\u00fdstupov\u00fdch tras na Kilimand\u017e\u00e1ro Na ot\u00e1zku, kterou trasou se vydat na Kilimand\u017e\u00e1ro, existuje n\u011bkolik spr\u00e1vn\u00fdch odpov\u011bd\u00ed. Z\u00e1le\u017e\u00ed na va\u0161ich preferenc\u00edch a finan\u010dn\u00edch mo\u017enostech. Pro v\u00fdstup na Kilimand\u017e\u00e1ro je mo\u017en\u00e9 vyu\u017e\u00edt n\u011bkterou sedmi z\u00e1kladn\u00edch tras:\u00a0 Machame\u00a0(ji\u017en\u00ed) Umbwe\u00a0(ji\u017en\u00ed) Mweka\u00a0(ji\u017en\u00ed) Marangu\u00a0(v\u00fdchodn\u00ed) Rongai\u00a0(severn\u00ed) Lemosho\/Shira\u00a0(z\u00e1padn\u00ed) Northern Circuit\u00a0(z\u00e1padn\u00ed\/severn\u00ed) Ka\u017ed\u00e1 z v\u00fd\u0161e uveden\u00fdch tras m\u00e1 svoje\u2026","rel":"","context":"Podobn\u00fd p\u0159\u00edsp\u011bvek","block_context":{"text":"Podobn\u00fd p\u0159\u00edsp\u011bvek","link":""},"img":{"alt_text":"","src":"https:\/\/i0.wp.com\/www.vystupnakilimandzaro.cz\/wp-content\/uploads\/2021\/01\/Northern-Circuit-route.jpg?resize=350%2C200&ssl=1","width":350,"height":200},"classes":[]},{"id":13,"url":"https:\/\/www.vystupnakilimandzaro.cz\/","url_meta":{"origin":6,"position":3},"title":"V\u00fdstup na Kilimand\u017e\u00e1ro","author":"vystupnaki","date":"4 listopadu, 2018","format":false,"excerpt":"\u00dasp\u011b\u0161n\u00fd v\u00fdstup na Kilimand\u017e\u00e1ro Jsme parta \u010dty\u0159 nad\u0161enc\u016f, kte\u0159\u00ed si splnili sv\u016fj sen a v roce 2018 podnikli \u00fasp\u011b\u0161n\u00fd v\u00fdstup na Kilimand\u017e\u00e1ro (Kilimanjaro). Nebylo to \u00fapln\u011b bez obt\u00ed\u017e\u00ed, ale v\u0161ichni jsme se nakonec dostali na prvn\u00ed pokus a\u017e na nejvy\u0161\u0161\u00ed vrchol Kilimand\u017e\u00e1ra s n\u00e1zvem Uhuru Peak. Kilimand\u017e\u00e1ro - sen ka\u017ed\u00e9ho\u2026","rel":"","context":"Podobn\u00fd p\u0159\u00edsp\u011bvek","block_context":{"text":"Podobn\u00fd p\u0159\u00edsp\u011bvek","link":""},"img":{"alt_text":"","src":"https:\/\/i0.wp.com\/www.vystupnakilimandzaro.cz\/wp-content\/uploads\/2020\/09\/46498278_1941271272594680_8404265414946717696_n.jpg?resize=350%2C200&ssl=1","width":350,"height":200,"srcset":"https:\/\/i0.wp.com\/www.vystupnakilimandzaro.cz\/wp-content\/uploads\/2020\/09\/46498278_1941271272594680_8404265414946717696_n.jpg?resize=350%2C200&ssl=1 1x, https:\/\/i0.wp.com\/www.vystupnakilimandzaro.cz\/wp-content\/uploads\/2020\/09\/46498278_1941271272594680_8404265414946717696_n.jpg?resize=525%2C300&ssl=1 1.5x, https:\/\/i0.wp.com\/www.vystupnakilimandzaro.cz\/wp-content\/uploads\/2020\/09\/46498278_1941271272594680_8404265414946717696_n.jpg?resize=700%2C400&ssl=1 2x"},"classes":[]},{"id":140,"url":"https:\/\/www.vystupnakilimandzaro.cz\/index.php\/o-kilimandzaru\/","url_meta":{"origin":6,"position":4},"title":"O Kilimand\u017e\u00e1ru","author":"vystupnaki","date":"9 listopadu, 2018","format":false,"excerpt":"Kilimand\u017e\u00e1ro je horsk\u00fd masiv nach\u00e1zej\u00edc\u00ed se v Tanzanii t\u00e9m\u011b\u0159 na rovn\u00edku pobl\u00ed\u017e m\u011bsta Moshi p\u0159i hranici s Ke\u0148ou. Skl\u00e1d\u00e1 se ze t\u0159\u00ed dnes u\u017e ne\u010dinn\u00fdch vulk\u00e1n\u016f \u2013 Shira, Mawenzi a Kibo. Na vulk\u00e1nu Kibo se ve v\u00fd\u0161ce 5895 m n. m nach\u00e1z\u00ed nejvy\u0161\u0161\u00ed bod Tanzanie a z\u00e1rove\u0148 cel\u00e9ho Africk\u00e9ho kontinentu\u2026","rel":"","context":"Podobn\u00fd p\u0159\u00edsp\u011bvek","block_context":{"text":"Podobn\u00fd p\u0159\u00edsp\u011bvek","link":""},"img":{"alt_text":"Kilimand\u017e\u00e1ro - vulk\u00e1n Kibo s nejvy\u0161\u0161\u00edm vrcholem Uhuru","src":"https:\/\/i0.wp.com\/www.vystupnakilimandzaro.cz\/wp-content\/uploads\/2018\/11\/Kilimanjaro-vulkan.jpg?resize=350%2C200&ssl=1","width":350,"height":200},"classes":[]}],"_links":{"self":[{"href":"https:\/\/www.vystupnakilimandzaro.cz\/index.php\/wp-json\/wp\/v2\/pages\/6","targetHints":{"allow":["GET"]}}],"collection":[{"href":"https:\/\/www.vystupnakilimandzaro.cz\/index.php\/wp-json\/wp\/v2\/pages"}],"about":[{"href":"https:\/\/www.vystupnakilimandzaro.cz\/index.php\/wp-json\/wp\/v2\/types\/page"}],"author":[{"embeddable":true,"href":"https:\/\/www.vystupnakilimandzaro.cz\/index.php\/wp-json\/wp\/v2\/users\/1"}],"replies":[{"embeddable":true,"href":"https:\/\/www.vystupnakilimandzaro.cz\/index.php\/wp-json\/wp\/v2\/comments?post=6"}],"version-history":[{"count":23,"href":"https:\/\/www.vystupnakilimandzaro.cz\/index.php\/wp-json\/wp\/v2\/pages\/6\/revisions"}],"predecessor-version":[{"id":752,"href":"https:\/\/www.vystupnakilimandzaro.cz\/index.php\/wp-json\/wp\/v2\/pages\/6\/revisions\/752"}],"wp:attachment":[{"href":"https:\/\/www.vystupnakilimandzaro.cz\/index.php\/wp-json\/wp\/v2\/media?parent=6"}],"curies":[{"name":"wp","href":"https:\/\/api.w.org\/{rel}","templated":true}]}}